{"id":79,"date":"2024-05-16T10:55:30","date_gmt":"2024-05-16T10:55:30","guid":{"rendered":"https:\/\/strangercats.de\/?page_id=79"},"modified":"2024-10-08T17:19:29","modified_gmt":"2024-10-08T15:19:29","slug":"stranger-cats-home","status":"publish","type":"page","link":"https:\/\/strangercats.de\/de\/","title":{"rendered":"Stranger Cats Home"},"content":{"rendered":"<div class=\"wp-block-group has-medium-font-size is-content-justification-center is-layout-constrained wp-block-group-is-layout-constrained\"><\/div>\n\n\n\n<div class=\"wp-block-columns alignwide are-vertically-aligned-center has-primary-background-color has-background is-layout-flex wp-container-core-columns-is-layout-28f84493 wp-block-columns-is-layout-flex\">\n<div class=\"wp-block-column is-vertically-aligned-center is-layout-flow wp-block-column-is-layout-flow\" style=\"padding-top:var(--wp--preset--spacing--30);padding-right:var(--wp--preset--spacing--30);padding-bottom:var(--wp--preset--spacing--30);padding-left:var(--wp--preset--spacing--30)\">\n<p class=\"has-text-align-center has-base-color has-text-color\" style=\"margin-top:0;margin-right:0;margin-bottom:0;margin-left:0;font-size:18px\"><strong>Rock&#8217;n&#8217;Roll <\/strong>is no <strong>Stranger<\/strong> to us!<\/p>\n\n\n\n<p class=\"has-text-align-center has-base-color has-text-color\" style=\"margin-top:0px;margin-right:0px;margin-bottom:0px;margin-left:0px;padding-top:0;padding-right:0;padding-bottom:0;padding-left:0;font-size:48px\"><strong>Stranger Cats<\/strong><\/p>\n\n\n\n<p class=\"has-text-align-center has-base-color has-text-color\" style=\"margin-top:0;margin-right:0;margin-bottom:0;margin-left:0;font-size:24px\">Kontaktieren Sie uns und erleben Sie den purrfekten Sound!<\/p>\n\n\n\n<div class=\"wp-block-buttons is-content-justification-center is-layout-flex wp-container-core-buttons-is-layout-c7764373 wp-block-buttons-is-layout-flex\" style=\"margin-top:20px;margin-bottom:0\">\n<div class=\"wp-block-button has-custom-font-size is-style-fill\" style=\"font-size:21px\"><a class=\"wp-block-button__link has-black-color has-foreground-background-color has-text-color has-background has-link-color wp-element-button\" href=\"https:\/\/strangercats.de\/de\/?page_id=64\" style=\"border-style:none;border-width:0px\">Kontakt<\/a><\/div>\n<\/div>\n<\/div>\n\n\n\n<div class=\"wp-block-column is-vertically-aligned-center is-layout-flow wp-block-column-is-layout-flow\">\n<figure class=\"wp-block-image aligncenter size-full is-resized\"><img data-dominant-color=\"52443b\" data-has-transparency=\"true\" loading=\"lazy\" decoding=\"async\" width=\"1364\" height=\"1818\" src=\"https:\/\/strangercats.de\/wp-content\/uploads\/STRANGER-CATS-ALL-MEMBERS_OUTLINE-edited.webp\" alt=\"STRANGER CATS ALL MEMBERS\" class=\"wp-image-586 has-transparency\" style=\"--dominant-color: #52443b; width:309px;height:auto\" srcset=\"https:\/\/strangercats.de\/wp-content\/uploads\/STRANGER-CATS-ALL-MEMBERS_OUTLINE-edited.webp 1364w, https:\/\/strangercats.de\/wp-content\/uploads\/STRANGER-CATS-ALL-MEMBERS_OUTLINE-edited-225x300.webp 225w, https:\/\/strangercats.de\/wp-content\/uploads\/STRANGER-CATS-ALL-MEMBERS_OUTLINE-edited-768x1024.webp 768w, https:\/\/strangercats.de\/wp-content\/uploads\/STRANGER-CATS-ALL-MEMBERS_OUTLINE-edited-1152x1536.webp 1152w, https:\/\/strangercats.de\/wp-content\/uploads\/STRANGER-CATS-ALL-MEMBERS_OUTLINE-edited-9x12.webp 9w\" sizes=\"auto, (max-width: 1364px) 100vw, 1364px\" \/><\/figure>\n<\/div>\n<\/div>\n\n\n\n<div style=\"height:46px\" aria-hidden=\"true\" class=\"wp-block-spacer\"><\/div>\n\n\n\n<p>Rock&#8217;n&#8217;Roll is no Stranger to us!<\/p>\n\n\n\n<p style=\"font-size:1.6rem\">Die \"Stranger Cats\" bringen den Rock'n'Roll zur\u00fcck auf die B\u00fchne. Die Band aus Kiel\/Hamburg orientiert sich an ihrem Vorbild der \u201cStray Cats\" und kombiniert den klassischen Rockabilly-Sound der 50er Jahre mit modernen Elementen.<\/p>\n\n\n\n<hr class=\"wp-block-separator has-alpha-channel-opacity is-style-wide\"\/>\n\n\n\n<div class=\"wp-block-group is-layout-constrained wp-block-group-is-layout-constrained\">\n<figure class=\"wp-block-image alignleft size-full is-resized\"><img data-dominant-color=\"1f1815\" data-has-transparency=\"true\" loading=\"lazy\" decoding=\"async\" width=\"1252\" height=\"1878\" src=\"https:\/\/strangercats.de\/wp-content\/uploads\/Jonas_Heider_transparent_outline_stranger_cats-edited.webp\" alt=\"\" class=\"wp-image-579 has-transparency\" style=\"--dominant-color: #1f1815; width:165px;height:auto\" srcset=\"https:\/\/strangercats.de\/wp-content\/uploads\/Jonas_Heider_transparent_outline_stranger_cats-edited.webp 1252w, https:\/\/strangercats.de\/wp-content\/uploads\/Jonas_Heider_transparent_outline_stranger_cats-edited-200x300.webp 200w, https:\/\/strangercats.de\/wp-content\/uploads\/Jonas_Heider_transparent_outline_stranger_cats-edited-683x1024.webp 683w, https:\/\/strangercats.de\/wp-content\/uploads\/Jonas_Heider_transparent_outline_stranger_cats-edited-768x1152.webp 768w, https:\/\/strangercats.de\/wp-content\/uploads\/Jonas_Heider_transparent_outline_stranger_cats-edited-1024x1536.webp 1024w, https:\/\/strangercats.de\/wp-content\/uploads\/Jonas_Heider_transparent_outline_stranger_cats-edited-8x12.webp 8w\" sizes=\"auto, (max-width: 1252px) 100vw, 1252px\" \/><\/figure>\n\n\n\n<p><strong>Jonas<\/strong> <strong>Heider<\/strong> st ein begnadeter Gitarrist, der seine Musik lebt und atmet. Er hat einen einzigartigen Musikstil, der von Jazz und Blues bis hin zu Punk und Rockabilly reicht. Als gro\u00dfer Fan von Brian Setzer analysiert er alles, was dieser Ausnahmemusiker jemals gespielt hat und integriert seine Einfl\u00fcsse auf seine ganz eigene Art und Weise in den Sound der \"Stranger Cats\". Seine Gretsch-Gitarre und sein alter R\u00f6hrenverst\u00e4rker sind dabei unverzichtbare Elemente des authentischen Sounds der Band. Als Lead-S\u00e4nger gibt er der Band au\u00dferdem eine unverwechselbare Stimme, w\u00e4hrend Sabine und Tobi mit ihren Backing-Vocals f\u00fcr den perfekten Harmonie-Gesang sorgen.<\/p>\n<\/div>\n\n\n\n<div style=\"height:0px\" aria-hidden=\"true\" class=\"wp-block-spacer\"><\/div>\n\n\n\n<hr class=\"wp-block-separator has-alpha-channel-opacity is-style-wide\"\/>\n\n\n\n<div class=\"wp-block-group is-layout-constrained wp-block-group-is-layout-constrained\">\n<figure class=\"wp-block-image alignright size-full is-resized\"><img data-dominant-color=\"312924\" data-has-transparency=\"true\" loading=\"lazy\" decoding=\"async\" width=\"1246\" height=\"1869\" src=\"https:\/\/strangercats.de\/wp-content\/uploads\/slapping_rockabee_transparent_outline_strangercats-edited.webp\" alt=\"\" class=\"wp-image-580 has-transparency\" style=\"--dominant-color: #312924; width:168px;height:auto\" srcset=\"https:\/\/strangercats.de\/wp-content\/uploads\/slapping_rockabee_transparent_outline_strangercats-edited.webp 1246w, https:\/\/strangercats.de\/wp-content\/uploads\/slapping_rockabee_transparent_outline_strangercats-edited-200x300.webp 200w, https:\/\/strangercats.de\/wp-content\/uploads\/slapping_rockabee_transparent_outline_strangercats-edited-683x1024.webp 683w, https:\/\/strangercats.de\/wp-content\/uploads\/slapping_rockabee_transparent_outline_strangercats-edited-768x1152.webp 768w, https:\/\/strangercats.de\/wp-content\/uploads\/slapping_rockabee_transparent_outline_strangercats-edited-1024x1536.webp 1024w, https:\/\/strangercats.de\/wp-content\/uploads\/slapping_rockabee_transparent_outline_strangercats-edited-8x12.webp 8w\" sizes=\"auto, (max-width: 1246px) 100vw, 1246px\" \/><\/figure>\n\n\n\n<p><strong>Sabine<\/strong> (<strong>Slappin&#8217; Rockabee<\/strong>) am Kontrabass liebt ihr Instrument und spielt es mit einer unvergleichlichen Energie. Mit ihrem tiefen, satten Sound gibt sie den Rhythmus vor und verleiht den Songs eine besondere Note. Sie sorgt mit ihrer Ausstrahlung und ihrem musikalischen Gesp\u00fcr daf\u00fcr, dass die \"Stranger Cats\" auf der B\u00fchne eine gro\u00dfartige Performance abliefern und ist somit ein unverzichtbarer Teil der Band.<\/p>\n<\/div>\n\n\n\n<div style=\"height:0px\" aria-hidden=\"true\" class=\"wp-block-spacer\"><\/div>\n\n\n\n<hr class=\"wp-block-separator has-alpha-channel-opacity is-style-wide\"\/>\n\n\n\n<div class=\"wp-block-group is-layout-constrained wp-block-group-is-layout-constrained\">\n<figure class=\"wp-block-image alignleft size-full is-resized\"><img data-dominant-color=\"292827\" data-has-transparency=\"true\" loading=\"lazy\" decoding=\"async\" width=\"1282\" height=\"1923\" src=\"https:\/\/strangercats.de\/wp-content\/uploads\/tobi_transparten_drummer_outline-strangercats-edited.webp\" alt=\"\" class=\"wp-image-582 has-transparency\" style=\"--dominant-color: #292827; width:150px;height:auto\" srcset=\"https:\/\/strangercats.de\/wp-content\/uploads\/tobi_transparten_drummer_outline-strangercats-edited.webp 1282w, https:\/\/strangercats.de\/wp-content\/uploads\/tobi_transparten_drummer_outline-strangercats-edited-200x300.webp 200w, https:\/\/strangercats.de\/wp-content\/uploads\/tobi_transparten_drummer_outline-strangercats-edited-683x1024.webp 683w, https:\/\/strangercats.de\/wp-content\/uploads\/tobi_transparten_drummer_outline-strangercats-edited-768x1152.webp 768w, https:\/\/strangercats.de\/wp-content\/uploads\/tobi_transparten_drummer_outline-strangercats-edited-1024x1536.webp 1024w, https:\/\/strangercats.de\/wp-content\/uploads\/tobi_transparten_drummer_outline-strangercats-edited-8x12.webp 8w\" sizes=\"auto, (max-width: 1282px) 100vw, 1282px\" \/><\/figure>\n\n\n\n<p><strong>Tobi<\/strong> am Schlagzeug ist ein Naturtalent und bringt die n\u00f6tige Power in die Band. Schon seit seiner Kindheit spielt er Musik und hat in verschiedenen Genres wie Metal, Indie und Rock Erfahrungen gesammelt. Doch der Rock'n'Roll hat es ihm besonders angetan. Tobi treibt die Band voran und sorgt f\u00fcr den n\u00f6tigen Drive. Seine pr\u00e4zisen und kraftvollen Schl\u00e4ge lassen das Publikum nicht stillstehen.<\/p>\n<\/div>\n\n\n\n<div style=\"height:0px\" aria-hidden=\"true\" class=\"wp-block-spacer\"><\/div>\n\n\n\n<hr class=\"wp-block-separator has-alpha-channel-opacity is-style-wide\"\/>\n\n\n\n<p style=\"font-size:1.6rem\" class=\"translation-block\">Die <strong>Stranger Cats<\/strong> sind das Ergebnis von drei jungen Musikern und ihrem Wunsch, Musik zu schaffen und zu teilen. Durch harte Arbeit brachten sie diesen Traum im Jahr 2022 zum Leben. Inspiriert von ihren Idolen, gehen sie nun ihren eigenen Weg.<\/p>\n\n\n\n<p style=\"font-size:1.6rem\">Ihr mitrei\u00dfender Rhythmus, kombiniert mit der Energie von Live-Auftritten, l\u00e4sst keinen Tanzboden leer, nicht einmal f\u00fcr Grumpy Cats (m\u00fcrrische Katzen).<\/p>\n\n\n\n<p style=\"font-size:1.6rem\">Mach dich bereit f\u00fcr die n\u00e4chste Rock'n'Roll-Revolution!<\/p>\n\n\n\n<hr class=\"wp-block-separator has-alpha-channel-opacity is-style-wide\"\/>\n\n\n\n<div style=\"height:1px\" aria-hidden=\"true\" class=\"wp-block-spacer\"><\/div>\n\n\n\n\t\t\t\t\t<style>\n\t\t\t\t\t\t.ytu_69d4663b59335 { width: 100%; height: 100%; }\n\t\t\t\t\t\t.display_bottom.ytu_69d4663b59335 .tac_activate { width: 100%; }\n\t\t\t\t\t@media only screen and (max-width: 100%) {\n\t\t\t\t\t\t.display_bottom.ytu_69d4663b59335 .tac_activate { width: 100%; }\n\t\t\t\t\t\t.ytu_69d4663b59335 { width: 100% !important;}\n\t\t\t\t\t}\n\t\t\t\t\t<\/style><style>.ytu_69d4663b59335 .embed-container{width: 100%; position: relative; padding-bottom: unset; height: 100%; } .display_bottom.ytu_69d4663b59335 .tac_activate {background: transparent !Important;position: absolute; bottom: 0px;} .display_bottom.ytu_69d4663b59335 {position: relative; } <\/style><div class=\"youtube_player display_bottom ytu_69d4663b59335 yt_player_dark\" thumb=\"https:\/\/strangercats.de\/wp-content\/dsgvo-all-in-one-for-wp\/thumbnails\/8iUmkIMDnlQ\/8iUmkIMDnlQ.png\"  videoid=\"8iUmkIMDnlQ\" width=\"100%\" height=\"100%\" theme=\"light\" controls=\"1\" rel=\"0\" autoplay=\"0\"><\/div>\n\n\n\n<div style=\"height:28px\" aria-hidden=\"true\" class=\"wp-block-spacer\"><\/div>\n\n\n\n<p><\/p>","protected":false},"excerpt":{"rendered":"<p>Rock&#8217;n&#8217;Roll is no Stranger to us! The \u201cStranger Cats\u201d bring rock \u2018n\u2019 roll back to the stage. The band from Kiel and Hamburg, Germany, is inspired by their role models, [&hellip;]<\/p>\n","protected":false},"author":1,"featured_media":45,"parent":0,"menu_order":0,"comment_status":"closed","ping_status":"closed","template":"","meta":{"_EventAllDay":false,"_EventTimezone":"","_EventStartDate":"","_EventEndDate":"","_EventStartDateUTC":"","_EventEndDateUTC":"","_EventShowMap":false,"_EventShowMapLink":false,"_EventURL":"","_EventCost":"","_EventCostDescription":"","_EventCurrencySymbol":"","_EventCurrencyCode":"","_EventCurrencyPosition":"","_EventDateTimeSeparator":"","_EventTimeRangeSeparator":"","_EventOrganizerID":[],"_EventVenueID":[],"_OrganizerEmail":"","_OrganizerPhone":"","_OrganizerWebsite":"","_VenueAddress":"","_VenueCity":"","_VenueCountry":"","_VenueProvince":"","_VenueState":"","_VenueZip":"","_VenuePhone":"","_VenueURL":"","_VenueStateProvince":"","_VenueLat":"","_VenueLng":"","_VenueShowMap":false,"_VenueShowMapLink":false,"footnotes":""},"class_list":["post-79","page","type-page","status-publish","has-post-thumbnail","hentry"],"yoast_head":"<!-- This site is optimized with the Yoast SEO plugin v27.3 - https:\/\/yoast.com\/product\/yoast-seo-wordpress\/ -->\n<title>Stranger Cats - Home<\/title>\n<meta name=\"description\" content=\"Die Stranger Cats sind eine junge Rockabilly Band aus Deutschland. Sie sorgen f\u00fcr Spa\u00df und begeistern das Publikum in jeder Altersklasse.\" \/>\n<meta name=\"robots\" content=\"index, follow, max-snippet:-1, max-image-preview:large, max-video-preview:-1\" \/>\n<link rel=\"canonical\" href=\"https:\/\/strangercats.de\/de\/\" \/>\n<meta property=\"og:locale\" content=\"de_DE\" \/>\n<meta property=\"og:type\" content=\"article\" \/>\n<meta property=\"og:title\" content=\"Stranger Cats - Home\" \/>\n<meta property=\"og:description\" content=\"Die Stranger Cats sind eine junge Rockabilly Band aus Deutschland. Sie sorgen f\u00fcr Spa\u00df und begeistern das Publikum in jeder Altersklasse.\" \/>\n<meta property=\"og:url\" content=\"https:\/\/strangercats.de\/de\/\" \/>\n<meta property=\"og:site_name\" content=\"Stranger Cats\" \/>\n<meta property=\"article:publisher\" content=\"https:\/\/www.facebook.com\/strangercatsmusic\/\" \/>\n<meta property=\"article:modified_time\" content=\"2024-10-08T15:19:29+00:00\" \/>\n<meta property=\"og:image\" content=\"https:\/\/strangercats.de\/wp-content\/uploads\/2024\/05\/IMG_7510-2.png\" \/>\n\t<meta property=\"og:image:width\" content=\"922\" \/>\n\t<meta property=\"og:image:height\" content=\"743\" \/>\n\t<meta property=\"og:image:type\" content=\"image\/png\" \/>\n<meta name=\"twitter:card\" content=\"summary_large_image\" \/>\n<meta name=\"twitter:label1\" content=\"Gesch\u00e4tzte Lesezeit\" \/>\n\t<meta name=\"twitter:data1\" content=\"1\u00a0Minute\" \/>\n<script type=\"application\/ld+json\" class=\"yoast-schema-graph\">{\"@context\":\"https:\\\/\\\/schema.org\",\"@graph\":[{\"@type\":\"WebPage\",\"@id\":\"https:\\\/\\\/strangercats.de\\\/\",\"url\":\"https:\\\/\\\/strangercats.de\\\/\",\"name\":\"Stranger Cats - Home\",\"isPartOf\":{\"@id\":\"https:\\\/\\\/strangercats.de\\\/#website\"},\"primaryImageOfPage\":{\"@id\":\"https:\\\/\\\/strangercats.de\\\/#primaryimage\"},\"image\":{\"@id\":\"https:\\\/\\\/strangercats.de\\\/#primaryimage\"},\"thumbnailUrl\":\"https:\\\/\\\/strangercats.de\\\/wp-content\\\/uploads\\\/2024\\\/05\\\/IMG_7510-2.png\",\"datePublished\":\"2024-05-16T10:55:30+00:00\",\"dateModified\":\"2024-10-08T15:19:29+00:00\",\"description\":\"Die Stranger Cats sind eine junge Rockabilly Band aus Deutschland. Sie sorgen f\u00fcr Spa\u00df und begeistern das Publikum in jeder Altersklasse.\",\"breadcrumb\":{\"@id\":\"https:\\\/\\\/strangercats.de\\\/#breadcrumb\"},\"inLanguage\":\"de\",\"potentialAction\":[{\"@type\":\"ReadAction\",\"target\":[\"https:\\\/\\\/strangercats.de\\\/\"]}]},{\"@type\":\"ImageObject\",\"inLanguage\":\"de\",\"@id\":\"https:\\\/\\\/strangercats.de\\\/#primaryimage\",\"url\":\"https:\\\/\\\/strangercats.de\\\/wp-content\\\/uploads\\\/2024\\\/05\\\/IMG_7510-2.png\",\"contentUrl\":\"https:\\\/\\\/strangercats.de\\\/wp-content\\\/uploads\\\/2024\\\/05\\\/IMG_7510-2.png\",\"width\":922,\"height\":743},{\"@type\":\"BreadcrumbList\",\"@id\":\"https:\\\/\\\/strangercats.de\\\/#breadcrumb\",\"itemListElement\":[{\"@type\":\"ListItem\",\"position\":1,\"name\":\"Home\",\"item\":\"https:\\\/\\\/strangercats.de\\\/\"},{\"@type\":\"ListItem\",\"position\":2,\"name\":\"Stranger Cats Home\"}]},{\"@type\":\"WebSite\",\"@id\":\"https:\\\/\\\/strangercats.de\\\/#website\",\"url\":\"https:\\\/\\\/strangercats.de\\\/\",\"name\":\"Stranger Cats\",\"description\":\"Rock\u2019n\u2019Roll is no Stranger to us!\",\"publisher\":{\"@id\":\"https:\\\/\\\/strangercats.de\\\/#organization\"},\"potentialAction\":[{\"@type\":\"SearchAction\",\"target\":{\"@type\":\"EntryPoint\",\"urlTemplate\":\"https:\\\/\\\/strangercats.de\\\/?s={search_term_string}\"},\"query-input\":{\"@type\":\"PropertyValueSpecification\",\"valueRequired\":true,\"valueName\":\"search_term_string\"}}],\"inLanguage\":\"de\"},{\"@type\":\"Organization\",\"@id\":\"https:\\\/\\\/strangercats.de\\\/#organization\",\"name\":\"Stranger Cats\",\"url\":\"https:\\\/\\\/strangercats.de\\\/\",\"logo\":{\"@type\":\"ImageObject\",\"inLanguage\":\"de\",\"@id\":\"https:\\\/\\\/strangercats.de\\\/#\\\/schema\\\/logo\\\/image\\\/\",\"url\":\"https:\\\/\\\/strangercats.de\\\/wp-content\\\/uploads\\\/strangercatsFooter.png\",\"contentUrl\":\"https:\\\/\\\/strangercats.de\\\/wp-content\\\/uploads\\\/strangercatsFooter.png\",\"width\":240,\"height\":170,\"caption\":\"Stranger Cats\"},\"image\":{\"@id\":\"https:\\\/\\\/strangercats.de\\\/#\\\/schema\\\/logo\\\/image\\\/\"},\"sameAs\":[\"https:\\\/\\\/www.facebook.com\\\/strangercatsmusic\\\/\",\"https:\\\/\\\/www.instagram.com\\\/strangercats_music\\\/\"]}]}<\/script>\n<!-- \/ Yoast SEO plugin. -->","yoast_head_json":{"title":"Stranger Cats - Home","description":"Die Stranger Cats sind eine junge Rockabilly Band aus Deutschland. Sie sorgen f\u00fcr Spa\u00df und begeistern das Publikum in jeder Altersklasse.","robots":{"index":"index","follow":"follow","max-snippet":"max-snippet:-1","max-image-preview":"max-image-preview:large","max-video-preview":"max-video-preview:-1"},"canonical":"https:\/\/strangercats.de\/de\/","og_locale":"de_DE","og_type":"article","og_title":"Stranger Cats - Home","og_description":"Die Stranger Cats sind eine junge Rockabilly Band aus Deutschland. Sie sorgen f\u00fcr Spa\u00df und begeistern das Publikum in jeder Altersklasse.","og_url":"https:\/\/strangercats.de\/de\/","og_site_name":"Stranger Cats","article_publisher":"https:\/\/www.facebook.com\/strangercatsmusic\/","article_modified_time":"2024-10-08T15:19:29+00:00","og_image":[{"width":922,"height":743,"url":"https:\/\/strangercats.de\/wp-content\/uploads\/2024\/05\/IMG_7510-2.png","type":"image\/png"}],"twitter_card":"summary_large_image","twitter_misc":{"Gesch\u00e4tzte Lesezeit":"1\u00a0Minute"},"schema":{"@context":"https:\/\/schema.org","@graph":[{"@type":"WebPage","@id":"https:\/\/strangercats.de\/","url":"https:\/\/strangercats.de\/","name":"Stranger Cats - Home","isPartOf":{"@id":"https:\/\/strangercats.de\/#website"},"primaryImageOfPage":{"@id":"https:\/\/strangercats.de\/#primaryimage"},"image":{"@id":"https:\/\/strangercats.de\/#primaryimage"},"thumbnailUrl":"https:\/\/strangercats.de\/wp-content\/uploads\/2024\/05\/IMG_7510-2.png","datePublished":"2024-05-16T10:55:30+00:00","dateModified":"2024-10-08T15:19:29+00:00","description":"Die Stranger Cats sind eine junge Rockabilly Band aus Deutschland. Sie sorgen f\u00fcr Spa\u00df und begeistern das Publikum in jeder Altersklasse.","breadcrumb":{"@id":"https:\/\/strangercats.de\/#breadcrumb"},"inLanguage":"de","potentialAction":[{"@type":"ReadAction","target":["https:\/\/strangercats.de\/"]}]},{"@type":"ImageObject","inLanguage":"de","@id":"https:\/\/strangercats.de\/#primaryimage","url":"https:\/\/strangercats.de\/wp-content\/uploads\/2024\/05\/IMG_7510-2.png","contentUrl":"https:\/\/strangercats.de\/wp-content\/uploads\/2024\/05\/IMG_7510-2.png","width":922,"height":743},{"@type":"BreadcrumbList","@id":"https:\/\/strangercats.de\/#breadcrumb","itemListElement":[{"@type":"ListItem","position":1,"name":"Home","item":"https:\/\/strangercats.de\/"},{"@type":"ListItem","position":2,"name":"Stranger Cats Home"}]},{"@type":"WebSite","@id":"https:\/\/strangercats.de\/#website","url":"https:\/\/strangercats.de\/","name":"Stranger Cats","description":"Rock\u2019n\u2019Roll is no Stranger to us!","publisher":{"@id":"https:\/\/strangercats.de\/#organization"},"potentialAction":[{"@type":"SearchAction","target":{"@type":"EntryPoint","urlTemplate":"https:\/\/strangercats.de\/?s={search_term_string}"},"query-input":{"@type":"PropertyValueSpecification","valueRequired":true,"valueName":"search_term_string"}}],"inLanguage":"de"},{"@type":"Organization","@id":"https:\/\/strangercats.de\/#organization","name":"Stranger Cats","url":"https:\/\/strangercats.de\/","logo":{"@type":"ImageObject","inLanguage":"de","@id":"https:\/\/strangercats.de\/#\/schema\/logo\/image\/","url":"https:\/\/strangercats.de\/wp-content\/uploads\/strangercatsFooter.png","contentUrl":"https:\/\/strangercats.de\/wp-content\/uploads\/strangercatsFooter.png","width":240,"height":170,"caption":"Stranger Cats"},"image":{"@id":"https:\/\/strangercats.de\/#\/schema\/logo\/image\/"},"sameAs":["https:\/\/www.facebook.com\/strangercatsmusic\/","https:\/\/www.instagram.com\/strangercats_music\/"]}]}},"jetpack_sharing_enabled":true,"_links":{"self":[{"href":"https:\/\/strangercats.de\/de\/wp-json\/wp\/v2\/pages\/79","targetHints":{"allow":["GET"]}}],"collection":[{"href":"https:\/\/strangercats.de\/de\/wp-json\/wp\/v2\/pages"}],"about":[{"href":"https:\/\/strangercats.de\/de\/wp-json\/wp\/v2\/types\/page"}],"author":[{"embeddable":true,"href":"https:\/\/strangercats.de\/de\/wp-json\/wp\/v2\/users\/1"}],"replies":[{"embeddable":true,"href":"https:\/\/strangercats.de\/de\/wp-json\/wp\/v2\/comments?post=79"}],"version-history":[{"count":50,"href":"https:\/\/strangercats.de\/de\/wp-json\/wp\/v2\/pages\/79\/revisions"}],"predecessor-version":[{"id":583,"href":"https:\/\/strangercats.de\/de\/wp-json\/wp\/v2\/pages\/79\/revisions\/583"}],"wp:featuredmedia":[{"embeddable":true,"href":"https:\/\/strangercats.de\/de\/wp-json\/wp\/v2\/media\/45"}],"wp:attachment":[{"href":"https:\/\/strangercats.de\/de\/wp-json\/wp\/v2\/media?parent=79"}],"curies":[{"name":"wp","href":"https:\/\/api.w.org\/{rel}","templated":true}]}}