{"id":259,"date":"2024-05-17T17:38:11","date_gmt":"2024-05-17T17:38:11","guid":{"rendered":"https:\/\/strangercats.de\/?page_id=259"},"modified":"2025-04-28T11:56:25","modified_gmt":"2025-04-28T09:56:25","slug":"impressum","status":"publish","type":"page","link":"https:\/\/strangercats.de\/de\/impressum\/","title":{"rendered":"Impressum"},"content":{"rendered":"<h2 class=\"wp-block-heading\">Angaben gem\u00e4\u00df \u00a7 5 TMG<\/h2>\n\n\n\n<p class=\"translation-block\">Jonas Heider<br>Haverkamp 1<br>24238 Selent<br>Deutschland<\/p>\n\n\n\n<h3 class=\"wp-block-heading\">Haftung f\u00fcr Inhalte<\/h3>\n\n\n\n<p>Als Diensteanbieter sind wir gem\u00e4\u00df \u00a7 7 Abs.1 TMG f\u00fcr eigene Inhalte auf diesen Seiten nach den allgemeinen Gesetzen verantwortlich. Nach \u00a7\u00a7 8 bis 10 TMG sind wir als Diensteanbieter jedoch nicht verpflichtet, \u00fcbermittelte oder gespeicherte fremde Informationen zu \u00fcberwachen oder nach Umst\u00e4nden zu forschen, die auf eine rechtswidrige T\u00e4tigkeit hinweisen.\nVerpflichtungen zur Entfernung oder Sperrung der Nutzung von Informationen nach den allgemeinen Gesetzen bleiben hiervon unber\u00fchrt. Eine diesbez\u00fcgliche Haftung ist jedoch erst ab dem Zeitpunkt der Kenntnis einer konkreten Rechtsverletzung m\u00f6glich. Bei Bekanntwerden von entsprechenden Rechtsverletzungen werden wir diese Inhalte umgehend entfernen.<\/p>\n\n\n\n<h3 class=\"wp-block-heading\">Haftung f\u00fcr Links<\/h3>\n\n\n\n<p>Unser Angebot enth\u00e4lt Links zu externen Websites Dritter, auf deren Inhalte wir keinen Einfluss haben. Deshalb k\u00f6nnen wir f\u00fcr diese fremden Inhalte auch keine Gew\u00e4hr \u00fcbernehmen. F\u00fcr die Inhalte der verlinkten Seiten ist stets der jeweilige Anbieter oder Betreiber der Seiten verantwortlich. Die verlinkten Seiten wurden zum Zeitpunkt der Verlinkung auf m\u00f6gliche Rechtsverst\u00f6\u00dfe \u00fcberpr\u00fcft. Rechtswidrige Inhalte waren zum Zeitpunkt der Verlinkung nicht erkennbar.\nEine permanente inhaltliche Kontrolle der verlinkten Seiten ist jedoch ohne konkrete Anhaltspunkte einer Rechtsverletzung nicht zumutbar. Bei Bekanntwerden von Rechtsverletzungen werden wir derartige Links umgehend entfernen.<\/p>\n\n\n\n<h3 class=\"wp-block-heading\">Urheberrecht<\/h3>\n\n\n\n<p>Die durch die Seitenbetreiber erstellten Inhalte und Werke auf diesen Seiten unterliegen dem deutschen Urheberrecht. Die Vervielf\u00e4ltigung, Bearbeitung, Verbreitung und jede Art der Verwertung au\u00dferhalb der Grenzen des Urheberrechtes bed\u00fcrfen der schriftlichen Zustimmung des jeweiligen Autors bzw. Erstellers. Downloads und Kopien dieser Seite sind nur f\u00fcr den privaten, nicht kommerziellen Gebrauch gestattet.\nSoweit die Inhalte auf dieser Seite nicht vom Betreiber erstellt wurden, werden die Urheberrechte Dritter beachtet. Insbesondere werden Inhalte Dritter als solche gekennzeichnet. Sollten Sie trotzdem auf eine Urheberrechtsverletzung aufmerksam werden, bitten wir um einen entsprechenden Hinweis. Bei Bekanntwerden von Rechtsverletzungen werden wir derartige Inhalte umgehend entfernen.<\/p>\n\n\n\n<p><strong>Quelle:<\/strong> <a href=\"https:\/\/e-recht24.de\" target=\"_blank\" rel=\"noreferrer noopener nofollow\">e-recht24.de<\/a><\/p>","protected":false},"excerpt":{"rendered":"<p>Legal Disclosure according to \u00a7 5 TMG Jonas HeiderHaverkamp 124238 SelentGermany Liability for Content As a service provider, we are responsible for our own content on these pages in accordance [&hellip;]<\/p>\n","protected":false},"author":1,"featured_media":0,"parent":0,"menu_order":0,"comment_status":"closed","ping_status":"closed","template":"","meta":{"_EventAllDay":false,"_EventTimezone":"","_EventStartDate":"","_EventEndDate":"","_EventStartDateUTC":"","_EventEndDateUTC":"","_EventShowMap":false,"_EventShowMapLink":false,"_EventURL":"","_EventCost":"","_EventCostDescription":"","_EventCurrencySymbol":"","_EventCurrencyCode":"","_EventCurrencyPosition":"","_EventDateTimeSeparator":"","_EventTimeRangeSeparator":"","_EventOrganizerID":[],"_EventVenueID":[],"_OrganizerEmail":"","_OrganizerPhone":"","_OrganizerWebsite":"","_VenueAddress":"","_VenueCity":"","_VenueCountry":"","_VenueProvince":"","_VenueState":"","_VenueZip":"","_VenuePhone":"","_VenueURL":"","_VenueStateProvince":"","_VenueLat":"","_VenueLng":"","_VenueShowMap":false,"_VenueShowMapLink":false,"footnotes":""},"class_list":["post-259","page","type-page","status-publish","hentry"],"yoast_head":"<!-- This site is optimized with the Yoast SEO plugin v27.4 - https:\/\/yoast.com\/product\/yoast-seo-wordpress\/ -->\n<title>Impressum - Stranger Cats<\/title>\n<meta name=\"robots\" content=\"noindex, follow\" \/>\n<meta property=\"og:locale\" content=\"de_DE\" \/>\n<meta property=\"og:type\" content=\"article\" \/>\n<meta property=\"og:title\" content=\"Impressum - Stranger Cats\" \/>\n<meta property=\"og:description\" content=\"Legal Disclosure according to \u00a7 5 TMG Jonas HeiderHaverkamp 124238 SelentGermany Liability for Content As a service provider, we are responsible for our own content on these pages in accordance [&hellip;]\" \/>\n<meta property=\"og:url\" content=\"https:\/\/strangercats.de\/de\/impressum\/\" \/>\n<meta property=\"og:site_name\" content=\"Stranger Cats\" \/>\n<meta property=\"article:publisher\" content=\"https:\/\/www.facebook.com\/strangercatsmusic\/\" \/>\n<meta property=\"article:modified_time\" content=\"2025-04-28T09:56:25+00:00\" \/>\n<meta name=\"twitter:card\" content=\"summary_large_image\" \/>\n<meta name=\"twitter:label1\" content=\"Gesch\u00e4tzte Lesezeit\" \/>\n\t<meta name=\"twitter:data1\" content=\"2\u00a0Minuten\" \/>\n<script type=\"application\/ld+json\" class=\"yoast-schema-graph\">{\"@context\":\"https:\\\/\\\/schema.org\",\"@graph\":[{\"@type\":\"WebPage\",\"@id\":\"https:\\\/\\\/strangercats.de\\\/impressum\\\/\",\"url\":\"https:\\\/\\\/strangercats.de\\\/impressum\\\/\",\"name\":\"Impressum - Stranger Cats\",\"isPartOf\":{\"@id\":\"https:\\\/\\\/strangercats.de\\\/#website\"},\"datePublished\":\"2024-05-17T17:38:11+00:00\",\"dateModified\":\"2025-04-28T09:56:25+00:00\",\"breadcrumb\":{\"@id\":\"https:\\\/\\\/strangercats.de\\\/impressum\\\/#breadcrumb\"},\"inLanguage\":\"de\",\"potentialAction\":[{\"@type\":\"ReadAction\",\"target\":[\"https:\\\/\\\/strangercats.de\\\/impressum\\\/\"]}]},{\"@type\":\"BreadcrumbList\",\"@id\":\"https:\\\/\\\/strangercats.de\\\/impressum\\\/#breadcrumb\",\"itemListElement\":[{\"@type\":\"ListItem\",\"position\":1,\"name\":\"Home\",\"item\":\"https:\\\/\\\/strangercats.de\\\/\"},{\"@type\":\"ListItem\",\"position\":2,\"name\":\"Impressum\"}]},{\"@type\":\"WebSite\",\"@id\":\"https:\\\/\\\/strangercats.de\\\/#website\",\"url\":\"https:\\\/\\\/strangercats.de\\\/\",\"name\":\"Stranger Cats\",\"description\":\"Rock\u2019n\u2019Roll is no Stranger to us!\",\"publisher\":{\"@id\":\"https:\\\/\\\/strangercats.de\\\/#organization\"},\"potentialAction\":[{\"@type\":\"SearchAction\",\"target\":{\"@type\":\"EntryPoint\",\"urlTemplate\":\"https:\\\/\\\/strangercats.de\\\/?s={search_term_string}\"},\"query-input\":{\"@type\":\"PropertyValueSpecification\",\"valueRequired\":true,\"valueName\":\"search_term_string\"}}],\"inLanguage\":\"de\"},{\"@type\":\"Organization\",\"@id\":\"https:\\\/\\\/strangercats.de\\\/#organization\",\"name\":\"Stranger Cats\",\"url\":\"https:\\\/\\\/strangercats.de\\\/\",\"logo\":{\"@type\":\"ImageObject\",\"inLanguage\":\"de\",\"@id\":\"https:\\\/\\\/strangercats.de\\\/#\\\/schema\\\/logo\\\/image\\\/\",\"url\":\"https:\\\/\\\/strangercats.de\\\/wp-content\\\/uploads\\\/strangercatsFooter.png\",\"contentUrl\":\"https:\\\/\\\/strangercats.de\\\/wp-content\\\/uploads\\\/strangercatsFooter.png\",\"width\":240,\"height\":170,\"caption\":\"Stranger Cats\"},\"image\":{\"@id\":\"https:\\\/\\\/strangercats.de\\\/#\\\/schema\\\/logo\\\/image\\\/\"},\"sameAs\":[\"https:\\\/\\\/www.facebook.com\\\/strangercatsmusic\\\/\",\"https:\\\/\\\/www.instagram.com\\\/strangercats_music\\\/\"]}]}<\/script>\n<!-- \/ Yoast SEO plugin. -->","yoast_head_json":{"title":"Impressum - Stranger Cats","robots":{"index":"noindex","follow":"follow"},"og_locale":"de_DE","og_type":"article","og_title":"Impressum - Stranger Cats","og_description":"Legal Disclosure according to \u00a7 5 TMG Jonas HeiderHaverkamp 124238 SelentGermany Liability for Content As a service provider, we are responsible for our own content on these pages in accordance [&hellip;]","og_url":"https:\/\/strangercats.de\/de\/impressum\/","og_site_name":"Stranger Cats","article_publisher":"https:\/\/www.facebook.com\/strangercatsmusic\/","article_modified_time":"2025-04-28T09:56:25+00:00","twitter_card":"summary_large_image","twitter_misc":{"Gesch\u00e4tzte Lesezeit":"2\u00a0Minuten"},"schema":{"@context":"https:\/\/schema.org","@graph":[{"@type":"WebPage","@id":"https:\/\/strangercats.de\/impressum\/","url":"https:\/\/strangercats.de\/impressum\/","name":"Impressum - Stranger Cats","isPartOf":{"@id":"https:\/\/strangercats.de\/#website"},"datePublished":"2024-05-17T17:38:11+00:00","dateModified":"2025-04-28T09:56:25+00:00","breadcrumb":{"@id":"https:\/\/strangercats.de\/impressum\/#breadcrumb"},"inLanguage":"de","potentialAction":[{"@type":"ReadAction","target":["https:\/\/strangercats.de\/impressum\/"]}]},{"@type":"BreadcrumbList","@id":"https:\/\/strangercats.de\/impressum\/#breadcrumb","itemListElement":[{"@type":"ListItem","position":1,"name":"Home","item":"https:\/\/strangercats.de\/"},{"@type":"ListItem","position":2,"name":"Impressum"}]},{"@type":"WebSite","@id":"https:\/\/strangercats.de\/#website","url":"https:\/\/strangercats.de\/","name":"Stranger Cats","description":"Rock\u2019n\u2019Roll is no Stranger to us!","publisher":{"@id":"https:\/\/strangercats.de\/#organization"},"potentialAction":[{"@type":"SearchAction","target":{"@type":"EntryPoint","urlTemplate":"https:\/\/strangercats.de\/?s={search_term_string}"},"query-input":{"@type":"PropertyValueSpecification","valueRequired":true,"valueName":"search_term_string"}}],"inLanguage":"de"},{"@type":"Organization","@id":"https:\/\/strangercats.de\/#organization","name":"Stranger Cats","url":"https:\/\/strangercats.de\/","logo":{"@type":"ImageObject","inLanguage":"de","@id":"https:\/\/strangercats.de\/#\/schema\/logo\/image\/","url":"https:\/\/strangercats.de\/wp-content\/uploads\/strangercatsFooter.png","contentUrl":"https:\/\/strangercats.de\/wp-content\/uploads\/strangercatsFooter.png","width":240,"height":170,"caption":"Stranger Cats"},"image":{"@id":"https:\/\/strangercats.de\/#\/schema\/logo\/image\/"},"sameAs":["https:\/\/www.facebook.com\/strangercatsmusic\/","https:\/\/www.instagram.com\/strangercats_music\/"]}]}},"jetpack_sharing_enabled":true,"_links":{"self":[{"href":"https:\/\/strangercats.de\/de\/wp-json\/wp\/v2\/pages\/259","targetHints":{"allow":["GET"]}}],"collection":[{"href":"https:\/\/strangercats.de\/de\/wp-json\/wp\/v2\/pages"}],"about":[{"href":"https:\/\/strangercats.de\/de\/wp-json\/wp\/v2\/types\/page"}],"author":[{"embeddable":true,"href":"https:\/\/strangercats.de\/de\/wp-json\/wp\/v2\/users\/1"}],"replies":[{"embeddable":true,"href":"https:\/\/strangercats.de\/de\/wp-json\/wp\/v2\/comments?post=259"}],"version-history":[{"count":11,"href":"https:\/\/strangercats.de\/de\/wp-json\/wp\/v2\/pages\/259\/revisions"}],"predecessor-version":[{"id":655,"href":"https:\/\/strangercats.de\/de\/wp-json\/wp\/v2\/pages\/259\/revisions\/655"}],"wp:attachment":[{"href":"https:\/\/strangercats.de\/de\/wp-json\/wp\/v2\/media?parent=259"}],"curies":[{"name":"wp","href":"https:\/\/api.w.org\/{rel}","templated":true}]}}